{"id":146,"date":"2024-10-14T11:58:29","date_gmt":"2024-10-14T10:58:29","guid":{"rendered":"https:\/\/salihkorkmaz.com\/hakkinda\/"},"modified":"2024-10-14T19:48:46","modified_gmt":"2024-10-14T18:48:46","slug":"hakkinda","status":"publish","type":"page","link":"https:\/\/salihkorkmaz.com\/tr\/hakkinda\/","title":{"rendered":"Hakk\u0131nda"},"content":{"rendered":"\n<p>Benim ad\u0131m Salih Korkmaz. Aslen Gaziantep, T\u00fcrkiye&#8217;denim. 2005 y\u0131l\u0131nda T\u00fcrkiye&#8217;den ta\u015f\u0131nd\u0131m ve Libya&#8217;da \u00e7e\u015fitli sekt\u00f6r ve end\u00fcstrilerde geni\u015f bir \u00e7al\u0131\u015fma deneyimi kazand\u0131m.  <\/p>\n\n<p>O zamandan beri, bir\u00e7ok \u00fclkede \u00e7e\u015fitli i\u015f giri\u015fimlerinde bulunarak profesyonel uzmanl\u0131\u011f\u0131m\u0131 geni\u015fletmeye devam ettim.<\/p>\n\n<p>2011 y\u0131l\u0131nda T\u00fcrkiye&#8217;ye d\u00f6nd\u00fcm ve \u0130stanbul&#8217;da bug\u00fcn de ba\u015far\u0131yla faaliyet g\u00f6steren bir turizm ve ihracat \u015firketi kurdum. Uluslararas\u0131 ticaretteki etkinli\u011fim devam ediyor. 2020 y\u0131l\u0131nda halen faaliyette olan bir gayrimenkul \u015firketi kurdum.  <\/p>\n\n<p>Ayr\u0131ca, 2022 y\u0131l\u0131nda Almanya merkezli bir kozmetik \u015firketi kurarak i\u015f portf\u00f6y\u00fcm\u00fc geni\u015flettim.<\/p>\n","protected":false},"excerpt":{"rendered":"<p>Benim ad\u0131m Salih Korkmaz. Aslen Gaziantep, T\u00fcrkiye&#8217;denim. 2005 y\u0131l\u0131nda T\u00fcrkiye&#8217;den ta\u015f\u0131nd\u0131m ve Libya&#8217;da \u00e7e\u015fitli sekt\u00f6r ve end\u00fcstrilerde geni\u015f bir \u00e7al\u0131\u015fma &#8230; <\/p>\n","protected":false},"author":1,"featured_media":0,"parent":0,"menu_order":0,"comment_status":"closed","ping_status":"closed","template":"","meta":{"footnotes":""},"class_list":["post-146","page","type-page","status-publish","hentry"],"_links":{"self":[{"href":"https:\/\/salihkorkmaz.com\/tr\/wp-json\/wp\/v2\/pages\/146","targetHints":{"allow":["GET"]}}],"collection":[{"href":"https:\/\/salihkorkmaz.com\/tr\/wp-json\/wp\/v2\/pages"}],"about":[{"href":"https:\/\/salihkorkmaz.com\/tr\/wp-json\/wp\/v2\/types\/page"}],"author":[{"embeddable":true,"href":"https:\/\/salihkorkmaz.com\/tr\/wp-json\/wp\/v2\/users\/1"}],"replies":[{"embeddable":true,"href":"https:\/\/salihkorkmaz.com\/tr\/wp-json\/wp\/v2\/comments?post=146"}],"version-history":[{"count":1,"href":"https:\/\/salihkorkmaz.com\/tr\/wp-json\/wp\/v2\/pages\/146\/revisions"}],"predecessor-version":[{"id":147,"href":"https:\/\/salihkorkmaz.com\/tr\/wp-json\/wp\/v2\/pages\/146\/revisions\/147"}],"wp:attachment":[{"href":"https:\/\/salihkorkmaz.com\/tr\/wp-json\/wp\/v2\/media?parent=146"}],"curies":[{"name":"wp","href":"https:\/\/api.w.org\/{rel}","templated":true}]}}